{"id":5531,"date":"2025-02-01T14:25:15","date_gmt":"2025-02-01T12:25:15","guid":{"rendered":"https:\/\/mijnrally.be\/product\/renault-clio-rally5-rallye-pour-enfants\/"},"modified":"2025-04-10T13:14:04","modified_gmt":"2025-04-10T11:14:04","slug":"renault-clio-rally5-rallye-pour-enfants","status":"publish","type":"product","link":"https:\/\/mijnrally.be\/fr\/produit\/renault-clio-rally5-rallye-pour-enfants\/","title":{"rendered":"Renault Clio Rally5 | Rallye pour enfants"},"content":{"rendered":"<p><strong>Coloriage libre en 3 \u00e9tapes :<\/strong><\/p>\n<ol>\n<li id=\"ConnectiveDocSignExtentionInstalled\" data-extension-version=\"1.0.4\">Ajoutez la page de coloriage gratuite \u00e0 votre panier d&rsquo;achat.<\/li>\n<li data-extension-version=\"1.0.4\">Saisissez vos coordonn\u00e9es et confirmez votre commande.<\/li>\n<li data-extension-version=\"1.0.4\">Vous recevrez un e-mail contenant un PDF que vous pouvez t\u00e9l\u00e9charger gratuitement et qui est adapt\u00e9 \u00e0 l&rsquo;impression au format A4.<\/li>\n<\/ol>\n<div id=\"ConnectiveDocSignExtentionInstalled\" data-extension-version=\"1.0.4\"><\/div>\n<div id=\"ConnectiveDocSignExtentionInstalled\" data-extension-version=\"1.0.4\"><\/div>\n","protected":false},"excerpt":{"rendered":"<p>Page de coloriage de la Renault Clio Rally5<\/p>\n<div id=\"ConnectiveDocSignExtentionInstalled\" data-extension-version=\"1.0.4\"><\/div>\n","protected":false},"featured_media":4437,"comment_status":"open","ping_status":"closed","template":"","meta":[],"product_brand":[],"product_cat":[453],"product_tag":[],"class_list":{"0":"post-5531","1":"product","2":"type-product","3":"status-publish","4":"has-post-thumbnail","6":"product_cat-renault-fr","8":"first","9":"instock","10":"taxable","11":"shipping-taxable","12":"purchasable","13":"product-type-variable"},"yoast_head":"<!-- This site is optimized with the Yoast SEO plugin v27.4 - https:\/\/yoast.com\/product\/yoast-seo-wordpress\/ -->\n<title>Page de coloriage Renault Clio Rally5 | Rallye pour enfants - MijnRally.be<\/title>\n<meta name=\"description\" content=\"T\u00e9l\u00e9chargez votre page de coloriage Renault Clio Rally5 gratuite ici. Colorier Renault Clio Rally5 n&#039;a jamais \u00e9t\u00e9 aussi amusant. Initiez votre enfant au rallye.\" \/>\n<meta name=\"robots\" content=\"index, follow, max-snippet:-1, max-image-preview:large, max-video-preview:-1\" \/>\n<link rel=\"canonical\" href=\"https:\/\/mijnrally.be\/fr\/produit\/renault-clio-rally5-rallye-pour-enfants\/\" \/>\n<meta property=\"og:locale\" content=\"fr_FR\" \/>\n<meta property=\"og:type\" content=\"article\" \/>\n<meta property=\"og:title\" content=\"Page de coloriage Renault Clio Rally5 | Rallye pour enfants - MijnRally.be\" \/>\n<meta property=\"og:description\" content=\"T\u00e9l\u00e9chargez votre page de coloriage Renault Clio Rally5 gratuite ici. Colorier Renault Clio Rally5 n&#039;a jamais \u00e9t\u00e9 aussi amusant. Initiez votre enfant au rallye.\" \/>\n<meta property=\"og:url\" content=\"https:\/\/mijnrally.be\/fr\/produit\/renault-clio-rally5-rallye-pour-enfants\/\" \/>\n<meta property=\"og:site_name\" content=\"MijnRally.be\" \/>\n<meta property=\"article:publisher\" content=\"https:\/\/www.facebook.com\/MijnRally.be\" \/>\n<meta property=\"article:modified_time\" content=\"2025-04-10T11:14:04+00:00\" \/>\n<meta property=\"og:image\" content=\"https:\/\/mijnrally.be\/wp-content\/uploads\/2025\/02\/Renault-Clio-Rally5-X.-Dekeyser-N.-Tassaert-Rallye-des-Ardennes-2023.jpg\" \/>\n\t<meta property=\"og:image:width\" content=\"1920\" \/>\n\t<meta property=\"og:image:height\" content=\"1920\" \/>\n\t<meta property=\"og:image:type\" content=\"image\/jpeg\" \/>\n<meta name=\"twitter:card\" content=\"summary_large_image\" \/>\n<script type=\"application\/ld+json\" class=\"yoast-schema-graph\">{\"@context\":\"https:\\\/\\\/schema.org\",\"@graph\":[{\"@type\":\"WebPage\",\"@id\":\"https:\\\/\\\/mijnrally.be\\\/fr\\\/produit\\\/renault-clio-rally5-rallye-pour-enfants\\\/\",\"url\":\"https:\\\/\\\/mijnrally.be\\\/fr\\\/produit\\\/renault-clio-rally5-rallye-pour-enfants\\\/\",\"name\":\"Page de coloriage Renault Clio Rally5 | Rallye pour enfants - MijnRally.be\",\"isPartOf\":{\"@id\":\"https:\\\/\\\/mijnrally.be\\\/fr\\\/#website\"},\"primaryImageOfPage\":{\"@id\":\"https:\\\/\\\/mijnrally.be\\\/fr\\\/produit\\\/renault-clio-rally5-rallye-pour-enfants\\\/#primaryimage\"},\"image\":{\"@id\":\"https:\\\/\\\/mijnrally.be\\\/fr\\\/produit\\\/renault-clio-rally5-rallye-pour-enfants\\\/#primaryimage\"},\"thumbnailUrl\":\"https:\\\/\\\/mijnrally.be\\\/wp-content\\\/uploads\\\/2025\\\/02\\\/Renault-Clio-Rally5-X.-Dekeyser-N.-Tassaert-Rallye-des-Ardennes-2023.jpg\",\"datePublished\":\"2025-02-01T12:25:15+00:00\",\"dateModified\":\"2025-04-10T11:14:04+00:00\",\"description\":\"T\u00e9l\u00e9chargez votre page de coloriage Renault Clio Rally5 gratuite ici. Colorier Renault Clio Rally5 n'a jamais \u00e9t\u00e9 aussi amusant. Initiez votre enfant au rallye.\",\"breadcrumb\":{\"@id\":\"https:\\\/\\\/mijnrally.be\\\/fr\\\/produit\\\/renault-clio-rally5-rallye-pour-enfants\\\/#breadcrumb\"},\"inLanguage\":\"fr-FR\",\"potentialAction\":[{\"@type\":\"ReadAction\",\"target\":[\"https:\\\/\\\/mijnrally.be\\\/fr\\\/produit\\\/renault-clio-rally5-rallye-pour-enfants\\\/\"]}]},{\"@type\":\"ImageObject\",\"inLanguage\":\"fr-FR\",\"@id\":\"https:\\\/\\\/mijnrally.be\\\/fr\\\/produit\\\/renault-clio-rally5-rallye-pour-enfants\\\/#primaryimage\",\"url\":\"https:\\\/\\\/mijnrally.be\\\/wp-content\\\/uploads\\\/2025\\\/02\\\/Renault-Clio-Rally5-X.-Dekeyser-N.-Tassaert-Rallye-des-Ardennes-2023.jpg\",\"contentUrl\":\"https:\\\/\\\/mijnrally.be\\\/wp-content\\\/uploads\\\/2025\\\/02\\\/Renault-Clio-Rally5-X.-Dekeyser-N.-Tassaert-Rallye-des-Ardennes-2023.jpg\",\"width\":1920,\"height\":1920,\"caption\":\"Coloriage Renault Clio Rally5 - X. Dekeyser - N. Tassaert - Rallye des Ardennes 2023\"},{\"@type\":\"BreadcrumbList\",\"@id\":\"https:\\\/\\\/mijnrally.be\\\/fr\\\/produit\\\/renault-clio-rally5-rallye-pour-enfants\\\/#breadcrumb\",\"itemListElement\":[{\"@type\":\"ListItem\",\"position\":1,\"name\":\"Home\",\"item\":\"https:\\\/\\\/mijnrally.be\\\/fr\\\/boutique\\\/\"},{\"@type\":\"ListItem\",\"position\":2,\"name\":\"MonRallye &#8211; Accueil\",\"item\":\"https:\\\/\\\/mijnrally.be\\\/fr\\\/boutique\\\/\"},{\"@type\":\"ListItem\",\"position\":3,\"name\":\"Renault Clio Rally5 | Rallye pour enfants\"}]},{\"@type\":\"WebSite\",\"@id\":\"https:\\\/\\\/mijnrally.be\\\/fr\\\/#website\",\"url\":\"https:\\\/\\\/mijnrally.be\\\/fr\\\/\",\"name\":\"MijnRally.be\",\"description\":\"Door een Fan voor de Fans\",\"publisher\":{\"@id\":\"https:\\\/\\\/mijnrally.be\\\/fr\\\/#organization\"},\"alternateName\":\"MijnRally\",\"potentialAction\":[{\"@type\":\"SearchAction\",\"target\":{\"@type\":\"EntryPoint\",\"urlTemplate\":\"https:\\\/\\\/mijnrally.be\\\/fr\\\/?s={search_term_string}\"},\"query-input\":{\"@type\":\"PropertyValueSpecification\",\"valueRequired\":true,\"valueName\":\"search_term_string\"}}],\"inLanguage\":\"fr-FR\"},{\"@type\":\"Organization\",\"@id\":\"https:\\\/\\\/mijnrally.be\\\/fr\\\/#organization\",\"name\":\"MijnRally\",\"alternateName\":\"MijnRally.be\",\"url\":\"https:\\\/\\\/mijnrally.be\\\/fr\\\/\",\"logo\":{\"@type\":\"ImageObject\",\"inLanguage\":\"fr-FR\",\"@id\":\"https:\\\/\\\/mijnrally.be\\\/fr\\\/#\\\/schema\\\/logo\\\/image\\\/\",\"url\":\"https:\\\/\\\/mijnrally.be\\\/wp-content\\\/uploads\\\/2024\\\/08\\\/MijnRally-Logo.jpg\",\"contentUrl\":\"https:\\\/\\\/mijnrally.be\\\/wp-content\\\/uploads\\\/2024\\\/08\\\/MijnRally-Logo.jpg\",\"width\":1067,\"height\":1067,\"caption\":\"MijnRally\"},\"image\":{\"@id\":\"https:\\\/\\\/mijnrally.be\\\/fr\\\/#\\\/schema\\\/logo\\\/image\\\/\"},\"sameAs\":[\"https:\\\/\\\/www.facebook.com\\\/MijnRally.be\",\"https:\\\/\\\/www.facebook.com\\\/RallyRecap\",\"https:\\\/\\\/www.facebook.com\\\/profile.php?id=61560774685769\"]}]}<\/script>\n<!-- \/ Yoast SEO plugin. -->","yoast_head_json":{"title":"Page de coloriage Renault Clio Rally5 | Rallye pour enfants - MijnRally.be","description":"T\u00e9l\u00e9chargez votre page de coloriage Renault Clio Rally5 gratuite ici. Colorier Renault Clio Rally5 n'a jamais \u00e9t\u00e9 aussi amusant. Initiez votre enfant au rallye.","robots":{"index":"index","follow":"follow","max-snippet":"max-snippet:-1","max-image-preview":"max-image-preview:large","max-video-preview":"max-video-preview:-1"},"canonical":"https:\/\/mijnrally.be\/fr\/produit\/renault-clio-rally5-rallye-pour-enfants\/","og_locale":"fr_FR","og_type":"article","og_title":"Page de coloriage Renault Clio Rally5 | Rallye pour enfants - MijnRally.be","og_description":"T\u00e9l\u00e9chargez votre page de coloriage Renault Clio Rally5 gratuite ici. Colorier Renault Clio Rally5 n'a jamais \u00e9t\u00e9 aussi amusant. Initiez votre enfant au rallye.","og_url":"https:\/\/mijnrally.be\/fr\/produit\/renault-clio-rally5-rallye-pour-enfants\/","og_site_name":"MijnRally.be","article_publisher":"https:\/\/www.facebook.com\/MijnRally.be","article_modified_time":"2025-04-10T11:14:04+00:00","og_image":[{"width":1920,"height":1920,"url":"https:\/\/mijnrally.be\/wp-content\/uploads\/2025\/02\/Renault-Clio-Rally5-X.-Dekeyser-N.-Tassaert-Rallye-des-Ardennes-2023.jpg","type":"image\/jpeg"}],"twitter_card":"summary_large_image","schema":{"@context":"https:\/\/schema.org","@graph":[{"@type":"WebPage","@id":"https:\/\/mijnrally.be\/fr\/produit\/renault-clio-rally5-rallye-pour-enfants\/","url":"https:\/\/mijnrally.be\/fr\/produit\/renault-clio-rally5-rallye-pour-enfants\/","name":"Page de coloriage Renault Clio Rally5 | Rallye pour enfants - MijnRally.be","isPartOf":{"@id":"https:\/\/mijnrally.be\/fr\/#website"},"primaryImageOfPage":{"@id":"https:\/\/mijnrally.be\/fr\/produit\/renault-clio-rally5-rallye-pour-enfants\/#primaryimage"},"image":{"@id":"https:\/\/mijnrally.be\/fr\/produit\/renault-clio-rally5-rallye-pour-enfants\/#primaryimage"},"thumbnailUrl":"https:\/\/mijnrally.be\/wp-content\/uploads\/2025\/02\/Renault-Clio-Rally5-X.-Dekeyser-N.-Tassaert-Rallye-des-Ardennes-2023.jpg","datePublished":"2025-02-01T12:25:15+00:00","dateModified":"2025-04-10T11:14:04+00:00","description":"T\u00e9l\u00e9chargez votre page de coloriage Renault Clio Rally5 gratuite ici. Colorier Renault Clio Rally5 n'a jamais \u00e9t\u00e9 aussi amusant. Initiez votre enfant au rallye.","breadcrumb":{"@id":"https:\/\/mijnrally.be\/fr\/produit\/renault-clio-rally5-rallye-pour-enfants\/#breadcrumb"},"inLanguage":"fr-FR","potentialAction":[{"@type":"ReadAction","target":["https:\/\/mijnrally.be\/fr\/produit\/renault-clio-rally5-rallye-pour-enfants\/"]}]},{"@type":"ImageObject","inLanguage":"fr-FR","@id":"https:\/\/mijnrally.be\/fr\/produit\/renault-clio-rally5-rallye-pour-enfants\/#primaryimage","url":"https:\/\/mijnrally.be\/wp-content\/uploads\/2025\/02\/Renault-Clio-Rally5-X.-Dekeyser-N.-Tassaert-Rallye-des-Ardennes-2023.jpg","contentUrl":"https:\/\/mijnrally.be\/wp-content\/uploads\/2025\/02\/Renault-Clio-Rally5-X.-Dekeyser-N.-Tassaert-Rallye-des-Ardennes-2023.jpg","width":1920,"height":1920,"caption":"Coloriage Renault Clio Rally5 - X. Dekeyser - N. Tassaert - Rallye des Ardennes 2023"},{"@type":"BreadcrumbList","@id":"https:\/\/mijnrally.be\/fr\/produit\/renault-clio-rally5-rallye-pour-enfants\/#breadcrumb","itemListElement":[{"@type":"ListItem","position":1,"name":"Home","item":"https:\/\/mijnrally.be\/fr\/boutique\/"},{"@type":"ListItem","position":2,"name":"MonRallye &#8211; Accueil","item":"https:\/\/mijnrally.be\/fr\/boutique\/"},{"@type":"ListItem","position":3,"name":"Renault Clio Rally5 | Rallye pour enfants"}]},{"@type":"WebSite","@id":"https:\/\/mijnrally.be\/fr\/#website","url":"https:\/\/mijnrally.be\/fr\/","name":"MijnRally.be","description":"Door een Fan voor de Fans","publisher":{"@id":"https:\/\/mijnrally.be\/fr\/#organization"},"alternateName":"MijnRally","potentialAction":[{"@type":"SearchAction","target":{"@type":"EntryPoint","urlTemplate":"https:\/\/mijnrally.be\/fr\/?s={search_term_string}"},"query-input":{"@type":"PropertyValueSpecification","valueRequired":true,"valueName":"search_term_string"}}],"inLanguage":"fr-FR"},{"@type":"Organization","@id":"https:\/\/mijnrally.be\/fr\/#organization","name":"MijnRally","alternateName":"MijnRally.be","url":"https:\/\/mijnrally.be\/fr\/","logo":{"@type":"ImageObject","inLanguage":"fr-FR","@id":"https:\/\/mijnrally.be\/fr\/#\/schema\/logo\/image\/","url":"https:\/\/mijnrally.be\/wp-content\/uploads\/2024\/08\/MijnRally-Logo.jpg","contentUrl":"https:\/\/mijnrally.be\/wp-content\/uploads\/2024\/08\/MijnRally-Logo.jpg","width":1067,"height":1067,"caption":"MijnRally"},"image":{"@id":"https:\/\/mijnrally.be\/fr\/#\/schema\/logo\/image\/"},"sameAs":["https:\/\/www.facebook.com\/MijnRally.be","https:\/\/www.facebook.com\/RallyRecap","https:\/\/www.facebook.com\/profile.php?id=61560774685769"]}]}},"_links":{"self":[{"href":"https:\/\/mijnrally.be\/fr\/wp-json\/wp\/v2\/product\/5531","targetHints":{"allow":["GET"]}}],"collection":[{"href":"https:\/\/mijnrally.be\/fr\/wp-json\/wp\/v2\/product"}],"about":[{"href":"https:\/\/mijnrally.be\/fr\/wp-json\/wp\/v2\/types\/product"}],"replies":[{"embeddable":true,"href":"https:\/\/mijnrally.be\/fr\/wp-json\/wp\/v2\/comments?post=5531"}],"wp:featuredmedia":[{"embeddable":true,"href":"https:\/\/mijnrally.be\/fr\/wp-json\/wp\/v2\/media\/4437"}],"wp:attachment":[{"href":"https:\/\/mijnrally.be\/fr\/wp-json\/wp\/v2\/media?parent=5531"}],"wp:term":[{"taxonomy":"product_brand","embeddable":true,"href":"https:\/\/mijnrally.be\/fr\/wp-json\/wp\/v2\/product_brand?post=5531"},{"taxonomy":"product_cat","embeddable":true,"href":"https:\/\/mijnrally.be\/fr\/wp-json\/wp\/v2\/product_cat?post=5531"},{"taxonomy":"product_tag","embeddable":true,"href":"https:\/\/mijnrally.be\/fr\/wp-json\/wp\/v2\/product_tag?post=5531"}],"curies":[{"name":"wp","href":"https:\/\/api.w.org\/{rel}","templated":true}]}}